{"id":109,"date":"2014-06-13T13:15:08","date_gmt":"2014-06-13T13:15:08","guid":{"rendered":"http:\/\/johannesbrechter.de\/?page_id=109"},"modified":"2024-01-22T16:56:29","modified_gmt":"2024-01-22T16:56:29","slug":"vita","status":"publish","type":"page","link":"https:\/\/johannesbrechter.de\/?page_id=109","title":{"rendered":"Vita"},"content":{"rendered":"<p><strong>Johannes Brechter (geb. 1979 Haag\/Obb.), lebt und arbeitet in M\u00fcnchen<br \/><\/strong><br \/>&#8212;<\/p>\r\n<p>2010<br \/>Diplom in Bildhauerei bei Prof. Hermann Pitz, Akademie der Bildenden K\u00fcnste M\u00fcnchen<\/p>\r\n<p>2004 &#8211; 2010<br \/>Studium der Bildhauerei an der Akademie der Bildenden K\u00fcnste M\u00fcnchen bei Prof. Hermann Pitz<\/p>\r\n<p>1996 &#8211; 1999 Ausbildung zum Schilder- und Lichtreklamehersteller<\/p>\r\n<p>&#8212;<\/p>\r\n<p>Kurzinfo Johannes Brechter<\/p>\r\n<p>Johannes Brechter, geboren 1979, lebt und arbeitet in M\u00fcnchen. Von 2004 &#8211; 2010 studierte er Bildhauerei an der Akademie der Bildenden K\u00fcnste, und legte sein Diplom bei Prof. Hermann Pitz ab. Davor absolvierte er von 1996 &#8211; 1999 eine Ausbildung zum Schilder- und Lichtreklamehersteller. In dieser Zeit begann er Restmaterialien aus der Werbetechnik und andere Recycling-Materialien f\u00fcr seine Plastiken, Kollagen und Installationen zu nutzen.<\/p>\r\n<p>&#8212;<\/p>\r\n<p><strong>Ausstellungen<\/strong><strong> und Projekte<\/strong><\/p>\r\n<p>2023<\/p>\r\n<ul>\r\n<li>\u201eMunichPopArt 8\u201c, Orangerie, M\u00fcnchen<\/li>\r\n<li>\u201eDying House\u201c, Zieblandstra\u00dfe, M\u00fcnchen<\/li>\r\n<li>\u201eAbstract Piefke\u201c, Boutique Romana, Wien<\/li>\r\n<li>Artschnitzel, M\u00fcnchen<\/li>\r\n<li>Mural \u201ePokal\u201c, Transitart Festival, Rosenheim<\/li>\r\n<li>\u201eDurch Bruch Farbig\u201c, Kaufingertor Passage M\u00fcnchen<\/li>\r\n<\/ul>\r\n<p>2022<\/p>\r\n<ul>\r\n<li>&#8222;Glyphotekt\u201c, \u00dcblackerh\u00e4usl, M\u00fcnchen<\/li>\r\n<li>\u201eFABELhaftes Isen\u201c, 1275 Jahre Isen, Markt Isen<\/li>\r\n<li>\u201eWege der Kunst\u201c Heaven 7, M\u00fcnchen<\/li>\r\n<li>\u201eOffshore\u201c, K\u00fcnstlerverbund im Haus der Kunst, M\u00fcnchen<\/li>\r\n<li>\u201eMunichPopArt 7\u201c, Kunstlabor2, M\u00fcnchen<\/li>\r\n<\/ul>\r\n<p>2021<\/p>\r\n<ul>\r\n<li class=\"gt-block\">Mural<span class=\"Apple-converted-space\"> &#8222;Map of Tomorrow<\/span> \u201c, Luise Kulturzentrum, M\u00fcnchen<\/li>\r\n<li>&#8222;Fairplay Europe\u201c Marienhof, M\u00fcnchen<\/li>\r\n<li class=\"gt-block\">&#8222;my Name\u201c Kunstlabor 2, M\u00fcnchen<\/li>\r\n<li>&#8222;MunichPopArt 6 \u201c, Rathuas, M\u00fcnchen<\/li>\r\n<\/ul>\r\n<p>2020<\/p>\r\n<ul>\r\n<li class=\"gt-block\">Mural<span class=\"Apple-converted-space\">\u00a0&#8222;<\/span>Diversity Rocks \u201c, BIS, M\u00fcnchen<\/li>\r\n<li class=\"gt-block\">&#8222;Quellen Galerie\u201c im Witzemann, Stuttgart<\/li>\r\n<li class=\"gt-block\">&#8222;scultureNOW\u201c Kulturzentrum Thalkirchen, M\u00fcnchen<\/li>\r\n<li class=\"gt-block\">&#8222;MunichPopArt 5 \u201c, Schwabing, M\u00fcnchen<\/li>\r\n<\/ul>\r\n<p>2019<\/p>\r\n<ul>\r\n<li>\u201c Z-common-ground\u201c, M\u00fcnchen<\/li>\r\n<li>&#8222;Neoglyphen&#8220;, Bauzaun Glyptothk, M\u00fcnchen<\/li>\r\n<li>\u201e38\u201c, Die Bergschmiede, M\u00fcnchen<\/li>\r\n<li>\u201eMunichPopArt 4\u201c, K\u00d6SK, M\u00fcnchen<\/li>\r\n<\/ul>\r\n<p>2018<\/p>\r\n<ul>\r\n<li>KVR Bauzaun, M\u00fcnchen<\/li>\r\n<li>Sa Terza Metari, Sardinien<\/li>\r\n<li>ISART, Bruderm\u00fchlbr\u00fccke, M\u00fcnchen<\/li>\r\n<li>\u201eZamgemorpht\u201c, Bergschmiede, M\u00fcnchen<\/li>\r\n<\/ul>\r\n<p>2017<\/p>\r\n<ul>\r\n<li>Mural &#8222;civicom&#8220;, WOGENO Schwabing, M\u00fcnchen<\/li>\r\n<li>&#8222;outercircle&#8220;, kleine Altstadt Galerie Dachau<\/li>\r\n<li>Magic City &#8222;Writerscorner M\u00fcnchen&#8220;, kleine Olympiahalle, M\u00fcnchen<\/li>\r\n<li>2xACHT 2 , Provisorium, M\u00fcnchen<\/li>\r\n<li>\u201eartificial ideocracy\u201c, Raumschiff, Linz<\/li>\r\n<\/ul>\r\n<p>2016<\/p>\r\n<ul>\r\n<li>Mural &#8222;we are all one&#8220;,\u00a0Sozialb\u00fcrgerhaus Sendling Westpark, M\u00fcnchen<\/li>\r\n<li>UAMO Festival &#8222;Fortess, EinsteinKultur, M\u00fcnchen<\/li>\r\n<li>&#8222;migrare necesse est, limesnon est necesse&#8220;, F\u00e4rberei, M\u00fcnchen<\/li>\r\n<\/ul>\r\n<p>2015<\/p>\r\n<ul>\r\n<li>&#8222;Plastic People Party erobert M\u00fcnchen&#8220;, K\u00f6sk, M\u00fcnchen<\/li>\r\n<li>&#8222;Signs of Confusion&#8220;, Step Across Gallery, M\u00fcnchen<\/li>\r\n<li>Deadline Festival, Viehhof, M\u00fcnchen<\/li>\r\n<\/ul>\r\n<p>2014<\/p>\r\n<ul>\r\n<li>NFO Splitscreen, Raumschiff, Linz<\/li>\r\n<li>IN YOUR FACE Festival 2014, Halle16, Augsburg<\/li>\r\n<li>Schule trifft Kunst trifft Stadt 2014, St\u00e4dtische Galerie Rosenheim, Rosenheim<\/li>\r\n<li>2xACHT, Die F\u00e4rberei, M\u00fcnchen<\/li>\r\n<li>NKTAXI, Noordkaap Dordrecht, Niederlande<\/li>\r\n<\/ul>\r\n<p>2013<\/p>\r\n<ul>\r\n<li>UAMO Festival \u201ePlay Time\u201c, Einstein Kulturzentrum, M\u00fcnchen<\/li>\r\n<li>P.P.P., Ander Art Festival, Odeonsplatz, M\u00fcnchen<\/li>\r\n<li>P.P.P., JIZ- Schaufenster, M\u00fcnchen<\/li>\r\n<\/ul>\r\n<p>2012<\/p>\r\n<ul>\r\n<li>&#8222;28% Billiger&#8220;, Sammlung Familer Sauerlach, Sauerlach<\/li>\r\n<li>\u201eThe Rise of the Plastic People Party&#8220;, Voice of Dordrecht, Niederlande<\/li>\r\n<li>&#8222;Adios Holanda&#8220;, Lissabon, Portugal<\/li>\r\n<li>&#8222;Liberitas&#8220; Amnesty International, Farbenladen, M\u00fcnchen<\/li>\r\n<\/ul>\r\n<p>2011<\/p>\r\n<ul>\r\n<li>&#8222;Glyphen&#8220;, Boque auf Croque, M\u00fcnchen<\/li>\r\n<li>\u201eKarag\u00f6z&amp;Hacivat\u201c, Noordkaap Istanbul, T\u00fcrkei<\/li>\r\n<li>UAMO Festival \u201eultra social\u201c, Ehemalige Togalwerke, M\u00fcnchen<\/li>\r\n<li>\u201eblackgold\u201c, Artbabel, M\u00fcnchen<\/li>\r\n<\/ul>\r\n<p>2010<\/p>\r\n<ul>\r\n<li>Diplomausstellung&#8220;, AdBK, M\u00fcnchen<\/li>\r\n<li>&#8222;HERMETISCH ZWART&#8220;, Noordkaap Dordrecht, Niederlande<\/li>\r\n<li>&#8222;BASSART Festival&#8220;, Muffathalle, M\u00fcnchen<\/li>\r\n<li>&#8222;SCRAP ADDICTS&#8220;, Noordkaap Dordrecht, Niederlande<\/li>\r\n<li>UAMO Festival &#8222;Konsens Nonsens&#8220;, Puerto Giesing, M\u00fcnchen<\/li>\r\n<\/ul>\r\n<p>2009<\/p>\r\n<ul>\r\n<li>\u201eOpenstudio\u201c Cite International des Arts, Paris, Frankreich<\/li>\r\n<li>UAMO Festival \u201ePerforation\u201c, Kunstarkaden, M\u00fcnchen<\/li>\r\n<li>\u201eRaumsonde Alpenblick\u201c, Platform3, M\u00fcnchen<\/li>\r\n<li>\u201eZEHNkampf\u201c, Platform3, M\u00fcnchen<\/li>\r\n<li>&#8222;Pickart Festival\u201c, Galerie Richter und Masset, M\u00fcnchen<\/li>\r\n<li>Jetklasse \u201eFabrica Barco de Prata\u201c, Lisabon, Portugal<\/li>\r\n<\/ul>\r\n<p>2008<\/p>\r\n<ul>\r\n<li>UAMO Festival \u201echeap like wow\u201c, Kunstarkaden, M\u00fcnchen<\/li>\r\n<li>Jahresausstellung der AdBK, M\u00fcnchen<\/li>\r\n<li>\u201eRefiktion\u201c im Rahmen der 200 Jahrfeier, Boque auf Croque, M\u00fcnchen<\/li>\r\n<li>\u201eAltbau oder Neuland\u201c im Neuland im Rahmen der 200 Jahrfeier der AdbK M\u00fcnchen<\/li>\r\n<\/ul>\r\n<p>2007<\/p>\r\n<ul>\r\n<li>\u201eLeistungsstau 2\u201c, Klasse Pitz AdBK, M\u00fcnchen<\/li>\r\n<li>UAMO Festival \u201eit\u00b4s about to blow up\u201c, Kunstarkaden, M\u00fcnchen<\/li>\r\n<li>\u201ewhite gallery\u201c Whitebox, M\u00fcnchen<\/li>\r\n<li>\u201eMonteSole Arte\u201c, Bologna, Italien<\/li>\r\n<li>Jetklasse \u201eOPEN\u201c, Prag, Tschechien<\/li>\r\n<li>\u201eas seen on dokumenta\u201c, Boque auf Croque, M\u00fcnchen<\/li>\r\n<\/ul>\r\n<p>2006<\/p>\r\n<ul>\r\n<li>\u201eInvasion 4\u201c, Pasinger Fabrik, M\u00fcnchen<\/li>\r\n<li>\u201eLeistungsstau 4\u201c, Klasse Pitz AdBK, M\u00fcnchen<\/li>\r\n<\/ul>\r\n<p>2005<\/p>\r\n<ul>\r\n<li>\u201edaheim\u201c, Projekt der Kunsthochschule Wei\u00dfensee, Berlin<\/li>\r\n<\/ul>\r\n<p>2004<\/p>\r\n<ul>\r\n<li>Jahresausstellung der AdBK, M\u00fcnchen<\/li>\r\n<li>UAMO, SWM Maxweberplatz, M\u00fcnchen<\/li>\r\n<\/ul>\r\n\r\n<p>&nbsp;<\/p>\r\n","protected":false},"excerpt":{"rendered":"<p>Johannes Brechter (geb. 1979 Haag\/Obb.), lebt und arbeitet in M\u00fcnchen&#8212; 2010Diplom in Bildhauerei bei Prof. Hermann Pitz, Akademie der Bildenden K\u00fcnste M\u00fcnchen 2004 &#8211; 2010Studium der Bildhauerei an der Akademie der Bildenden K\u00fcnste M\u00fcnchen bei Prof. Hermann Pitz 1996 &#8211; 1999 Ausbildung zum Schilder- und Lichtreklamehersteller &#8212; Kurzinfo Johannes Brechter Johannes Brechter, geboren 1979, lebt [&hellip;]<\/p>\n","protected":false},"author":1,"featured_media":0,"parent":0,"menu_order":0,"comment_status":"closed","ping_status":"closed","template":"","meta":{"footnotes":""},"_links":{"self":[{"href":"https:\/\/johannesbrechter.de\/index.php?rest_route=\/wp\/v2\/pages\/109"}],"collection":[{"href":"https:\/\/johannesbrechter.de\/index.php?rest_route=\/wp\/v2\/pages"}],"about":[{"href":"https:\/\/johannesbrechter.de\/index.php?rest_route=\/wp\/v2\/types\/page"}],"author":[{"embeddable":true,"href":"https:\/\/johannesbrechter.de\/index.php?rest_route=\/wp\/v2\/users\/1"}],"replies":[{"embeddable":true,"href":"https:\/\/johannesbrechter.de\/index.php?rest_route=%2Fwp%2Fv2%2Fcomments&post=109"}],"version-history":[{"count":32,"href":"https:\/\/johannesbrechter.de\/index.php?rest_route=\/wp\/v2\/pages\/109\/revisions"}],"predecessor-version":[{"id":908,"href":"https:\/\/johannesbrechter.de\/index.php?rest_route=\/wp\/v2\/pages\/109\/revisions\/908"}],"wp:attachment":[{"href":"https:\/\/johannesbrechter.de\/index.php?rest_route=%2Fwp%2Fv2%2Fmedia&parent=109"}],"curies":[{"name":"wp","href":"https:\/\/api.w.org\/{rel}","templated":true}]}}