{"id":147,"date":"2014-06-29T19:27:27","date_gmt":"2014-06-29T19:27:27","guid":{"rendered":"http:\/\/johannesbrechter.de\/?page_id=147"},"modified":"2014-06-30T18:24:19","modified_gmt":"2014-06-30T18:24:19","slug":"impressum","status":"publish","type":"page","link":"https:\/\/johannesbrechter.de\/?page_id=147","title":{"rendered":"Impressum"},"content":{"rendered":"<p>Anga\u00adben gem\u00e4\u00df \u00a7 5 TMG:<\/p>\n<p>Johannes Brechter<br \/>\ninfo@johannesbrechter.de<\/p>\n<p>Haf\u00adtungs\u00adaus\u00adschluss:<\/p>\n<p>Haf\u00adtung f\u00fcr Inhalte<br \/>\nDie Inhalte meiner Sei\u00adten wur\u00adden mit gr\u00f6\u00df\u00adter Sorg\u00adfalt erstellt. F\u00fcr die Rich\u00adtig\u00adkeit, Voll\u00adst\u00e4n\u00addig\u00adkeit und Aktua\u00adli\u00adt\u00e4t der Inhalte kann ich jedoch keine Gew\u00e4hr \u00fcbernehmen. Als Diens\u00adte\u00adan\u00adbie\u00adter bin ich gem\u00e4\u00df \u00a7 7 Abs.1 TMG f\u00fcr eigene Inhalte auf die\u00adsen Sei\u00adten nach den all\u00adge\u00admei\u00adnen Geset\u00adzen ver\u00adant\u00adwort\u00adlich. Nach \u00a7\u00a7 8 bis 10 TMG bin ich als Diens\u00adte\u00adan\u00adbie\u00adter jedoch nicht ver\u00adpflich\u00adtet, \u00fcber\u00admit\u00adtelte oder gespei\u00adcherte fremde Infor\u00adma\u00adtio\u00adnen zu \u00fcber\u00adwa\u00adchen oder nach Umst\u00e4n\u00adden zu for\u00adschen, die auf eine rechts\u00adwid\u00adrige T\u00e4tig\u00adkeit hin\u00adwei\u00adsen. Ver\u00adpflich\u00adtun\u00adgen zur Ent\u00adfer\u00adnung oder Sper\u00adrung der Nut\u00adzung von Infor\u00adma\u00adtio\u00adnen nach den all\u00adge\u00admei\u00adnen Geset\u00adzen blei\u00adben hier\u00advon unbe\u00adr\u00fchrt. Eine dies\u00adbe\u00adz\u00fcg\u00adli\u00adche Haf\u00adtung ist jedoch erst ab dem Zeit\u00adpunkt der Kennt\u00adnis einer kon\u00adkre\u00adten Rechts\u00adver\u00adlet\u00adzung m\u00f6g\u00adlich. Bei Bekannt\u00adwer\u00adden von ent\u00adspre\u00adchen\u00adden Rechts\u00adver\u00adlet\u00adzun\u00adgen wer\u00adde ich diese Inhalte umge\u00adhend entfernen.<\/p>\n<p>Haf\u00adtung f\u00fcr Links<br \/>\nMeine Wbseite ent\u00adh\u00e4lt Links zu exter\u00adnen Web\u00adsei\u00adten Drit\u00adter, auf deren Inhalte ich kei\u00adnen Ein\u00adfluss habe. Des\u00adhalb kann ich f\u00fcr diese frem\u00adden Inhalte auch keine Gew\u00e4hr \u00fcber\u00adneh\u00admen. F\u00fcr die Inhalte der ver\u00adlink\u00adten Sei\u00adten ist stets der jewei\u00adlige Anbie\u00adter oder Betrei\u00adber der Sei\u00adten ver\u00adant\u00adwort\u00adlich. Die ver\u00adlink\u00adten Sei\u00adten wur\u00adden zum Zeit\u00adpunkt der Ver\u00adlin\u00adkung\u00adauf m\u00f6g\u00adli\u00adche Rechts\u00adver\u00adst\u00f6\u00dfe \u00fcber\u00adpr\u00fcft. Rechts\u00adwid\u00adrige Inhalte waren zum Zeit\u00adpunkt der Ver\u00adlin\u00adkung nicht erkenn\u00adbar. Eine per\u00adma\u00adnente inhalt\u00adli\u00adche Kon\u00adtrolle der ver\u00adlink\u00adten Sei\u00adten ist jedoch ohne kon\u00adkrete Anhalts\u00adpunkte einer Rechts\u00adver\u00adlet\u00adzung nicht zumut\u00adbar. Bei Bekannt\u00adwer\u00adden von Rechts\u00adver\u00adlet\u00adzun\u00adgen wer\u00adde ich der\u00adar\u00adtige Links umge\u00adhend entfernen.<\/p>\n<p>Urhe\u00adber\u00adrecht<br \/>\nDie durch den Sei\u00adten\u00adbe\u00adtrei\u00adber erstell\u00adten Inhalte und Werke auf die\u00adsen Sei\u00adten unter\u00adlie\u00adgen dem deut\u00adschen Urhe\u00adber\u00adrecht. Die Ver\u00adviel\u00adf\u00e4l\u00adti\u00adgung, Bear\u00adbei\u00adtung, Ver\u00adbrei\u00adtung und jede Art der Ver\u00adwer\u00adtung au\u00dfer\u00adhalb der Gren\u00adzen des Urhe\u00adber\u00adrech\u00adtes bed\u00fcr\u00adfen der schrift\u00adli\u00adchen Zustim\u00admung des jewei\u00adli\u00adgen Autors bzw. Erstel\u00adlers. Down\u00adloads und Kopien die\u00adser Seite sind nur f\u00fcr den pri\u00adva\u00adten, nicht kom\u00admer\u00adzi\u00adel\u00adlen Gebrauch gestat\u00adtet. Soweit die Inhalte auf die\u00adser Seite nicht vom Betrei\u00adber erstellt wur\u00adden, wer\u00adden die Urhe\u00adber\u00adrechte Drit\u00adter beach\u00adtet. Ins\u00adbe\u00adson\u00addere wer\u00adden Inhalte Drit\u00adter als sol\u00adche gekenn\u00adzeich\u00adnet. Soll\u00adten Sie trotz\u00addem auf eine Urhe\u00adber\u00adrechts\u00adver\u00adlet\u00adzung auf\u00admerk\u00adsam wer\u00adden, bit\u00adte ich um einen ent\u00adspre\u00adchen\u00adden Hin\u00adweis. Bei Bekannt\u00adwer\u00adden von Rechts\u00adver\u00adlet\u00adzun\u00adgen wer\u00adde ich der\u00adar\u00adtige Inhalte umge\u00adhend entfernen.<\/p>\n<p>Daten\u00adschutz<br \/>\nDie Nut\u00adzung meiner Web\u00adseite ist in der Regel ohne Angabe per\u00adso\u00adnen\u00adbe\u00adzo\u00adge\u00adner Daten m\u00f6g\u00adlich. Soweit auf meinen Sei\u00adten per\u00adso\u00adnen\u00adbe\u00adzo\u00adgene Daten (bei\u00adspiels\u00adweise Name, Anschrift oder eMail-Adressen) erho\u00adben wer\u00adden, erfolgt dies, soweit m\u00f6g\u00adlich, stets auf frei\u00adwil\u00adli\u00adger Basis. Diese Daten wer\u00adden ohne Ihre aus\u00addr\u00fcck\u00adli\u00adche Zustim\u00admung nicht an Dritte weitergegeben.<\/p>\n<p>Ich wei\u00adse dar\u00adauf hin, dass die Daten\u00ad\u00fcber\u00adtra\u00adgung im Inter\u00adnet (z.B. bei der Kom\u00admu\u00adni\u00adka\u00adtion per E-Mail) Sicher\u00adheits\u00adl\u00fc\u00adcken auf\u00adwei\u00adsen kann. Ein l\u00fccken\u00adlo\u00adser Schutz der Daten vor dem Zugriff durch Dritte ist nicht m\u00f6g\u00adlich.<br \/>\nDer Nut\u00adzung von im Rah\u00admen der Impress\u00adums\u00adpflicht ver\u00ad\u00f6f\u00adfent\u00adlich\u00adten Kon\u00adtakt\u00adda\u00adten durch Dritte zur \u00dcber\u00adsen\u00addung von nicht aus\u00addr\u00fcck\u00adlich ange\u00adfor\u00adder\u00adter Wer\u00adbung und Infor\u00adma\u00adti\u00adons\u00adma\u00adte\u00adria\u00adlien wird hier\u00admit aus\u00addr\u00fcck\u00adlich wider\u00adspro\u00adchen. Der Betrei\u00adber der Sei\u00adten beh\u00e4lt sich aus\u00addr\u00fcck\u00adlich recht\u00adli\u00adche Schritte im Falle der unver\u00adlang\u00adten Zusen\u00addung von Wer\u00adbein\u00adfor\u00adma\u00adtio\u00adnen, etwa durch Spam-Mails, vor.<\/p>\n","protected":false},"excerpt":{"rendered":"<p>Anga\u00adben gem\u00e4\u00df \u00a7 5 TMG: Johannes Brechter info@johannesbrechter.de Haf\u00adtungs\u00adaus\u00adschluss: Haf\u00adtung f\u00fcr Inhalte Die Inhalte meiner Sei\u00adten wur\u00adden mit gr\u00f6\u00df\u00adter Sorg\u00adfalt erstellt. F\u00fcr die Rich\u00adtig\u00adkeit, Voll\u00adst\u00e4n\u00addig\u00adkeit und Aktua\u00adli\u00adt\u00e4t der Inhalte kann ich jedoch keine Gew\u00e4hr \u00fcbernehmen. Als Diens\u00adte\u00adan\u00adbie\u00adter bin ich gem\u00e4\u00df \u00a7 7 Abs.1 TMG f\u00fcr eigene Inhalte auf die\u00adsen Sei\u00adten nach den all\u00adge\u00admei\u00adnen Geset\u00adzen ver\u00adant\u00adwort\u00adlich. [&hellip;]<\/p>\n","protected":false},"author":1,"featured_media":0,"parent":0,"menu_order":0,"comment_status":"closed","ping_status":"closed","template":"","meta":{"footnotes":""},"_links":{"self":[{"href":"https:\/\/johannesbrechter.de\/index.php?rest_route=\/wp\/v2\/pages\/147"}],"collection":[{"href":"https:\/\/johannesbrechter.de\/index.php?rest_route=\/wp\/v2\/pages"}],"about":[{"href":"https:\/\/johannesbrechter.de\/index.php?rest_route=\/wp\/v2\/types\/page"}],"author":[{"embeddable":true,"href":"https:\/\/johannesbrechter.de\/index.php?rest_route=\/wp\/v2\/users\/1"}],"replies":[{"embeddable":true,"href":"https:\/\/johannesbrechter.de\/index.php?rest_route=%2Fwp%2Fv2%2Fcomments&post=147"}],"version-history":[{"count":3,"href":"https:\/\/johannesbrechter.de\/index.php?rest_route=\/wp\/v2\/pages\/147\/revisions"}],"predecessor-version":[{"id":169,"href":"https:\/\/johannesbrechter.de\/index.php?rest_route=\/wp\/v2\/pages\/147\/revisions\/169"}],"wp:attachment":[{"href":"https:\/\/johannesbrechter.de\/index.php?rest_route=%2Fwp%2Fv2%2Fmedia&parent=147"}],"curies":[{"name":"wp","href":"https:\/\/api.w.org\/{rel}","templated":true}]}}